{"id":97,"date":"2025-11-20T13:12:15","date_gmt":"2025-11-20T13:12:15","guid":{"rendered":"http:\/\/new-site.local\/contact\/"},"modified":"2025-12-07T22:01:34","modified_gmt":"2025-12-07T21:01:34","slug":"contact","status":"publish","type":"page","link":"https:\/\/noe-depuis.be\/index.php\/contact\/","title":{"rendered":"Contact"},"content":{"rendered":"\n\n\n\n\n\n\n\n","protected":false},"excerpt":{"rendered":"","protected":false},"author":1,"featured_media":0,"parent":0,"menu_order":0,"comment_status":"closed","ping_status":"closed","template":"full-width","meta":{"saved_in_kubio":true,"footnotes":""},"class_list":["post-97","page","type-page","status-publish","hentry"],"kubio_ai_page_context":{"short_desc":"","purpose":"general"},"yoast_head":"<!-- This site is optimized with the Yoast SEO plugin v26.5 - https:\/\/yoast.com\/wordpress\/plugins\/seo\/ -->\n<title>Contact | No\u00e9 Depuis - Psychologue<\/title>\n<meta name=\"description\" content=\"Psychologue \u00e0 Li\u00e8ge, je vous accueille pour des consultations dans un espace bienveillant, o\u00f9 nous avancerons \u00e0 votre rythme. | No\u00e9 Depuis\" \/>\n<meta name=\"robots\" content=\"index, follow, max-snippet:-1, max-image-preview:large, max-video-preview:-1\" \/>\n<link rel=\"canonical\" href=\"https:\/\/noe-depuis.be\/index.php\/contact\/\" \/>\n<meta property=\"og:locale\" content=\"fr_FR\" \/>\n<meta property=\"og:type\" content=\"article\" \/>\n<meta property=\"og:title\" content=\"Contact | No\u00e9 Depuis - Psychologue\" \/>\n<meta property=\"og:description\" content=\"Psychologue \u00e0 Li\u00e8ge, je vous accueille pour des consultations dans un espace bienveillant, o\u00f9 nous avancerons \u00e0 votre rythme. | No\u00e9 Depuis\" \/>\n<meta property=\"og:url\" content=\"https:\/\/noe-depuis.be\/index.php\/contact\/\" \/>\n<meta property=\"og:site_name\" content=\"No\u00e9 Depuis - Psychologue\" \/>\n<meta property=\"article:modified_time\" content=\"2025-12-07T21:01:34+00:00\" \/>\n<script type=\"application\/ld+json\" class=\"yoast-schema-graph\">{\"@context\":\"https:\/\/schema.org\",\"@graph\":[{\"@type\":\"WebPage\",\"@id\":\"https:\/\/noe-depuis.be\/index.php\/contact\/\",\"url\":\"https:\/\/noe-depuis.be\/index.php\/contact\/\",\"name\":\"Contact | No\u00e9 Depuis - Psychologue\",\"isPartOf\":{\"@id\":\"https:\/\/noe-depuis.be\/#website\"},\"datePublished\":\"2025-11-20T13:12:15+00:00\",\"dateModified\":\"2025-12-07T21:01:34+00:00\",\"description\":\"Psychologue \u00e0 Li\u00e8ge, je vous accueille pour des consultations dans un espace bienveillant, o\u00f9 nous avancerons \u00e0 votre rythme. | No\u00e9 Depuis\",\"breadcrumb\":{\"@id\":\"https:\/\/noe-depuis.be\/index.php\/contact\/#breadcrumb\"},\"inLanguage\":\"fr-BE\",\"potentialAction\":[{\"@type\":\"ReadAction\",\"target\":[\"https:\/\/noe-depuis.be\/index.php\/contact\/\"]}]},{\"@type\":\"BreadcrumbList\",\"@id\":\"https:\/\/noe-depuis.be\/index.php\/contact\/#breadcrumb\",\"itemListElement\":[{\"@type\":\"ListItem\",\"position\":1,\"name\":\"Accueil\",\"item\":\"https:\/\/noe-depuis.be\/\"},{\"@type\":\"ListItem\",\"position\":2,\"name\":\"Contact\"}]},{\"@type\":\"WebSite\",\"@id\":\"https:\/\/noe-depuis.be\/#website\",\"url\":\"https:\/\/noe-depuis.be\/\",\"name\":\"No\u00e9 Depuis - Psychologue\",\"description\":\"Site professionnel de No\u00e9 Depuis, psychologue \u00e0 Li\u00e8ge\",\"potentialAction\":[{\"@type\":\"SearchAction\",\"target\":{\"@type\":\"EntryPoint\",\"urlTemplate\":\"https:\/\/noe-depuis.be\/?s={search_term_string}\"},\"query-input\":{\"@type\":\"PropertyValueSpecification\",\"valueRequired\":true,\"valueName\":\"search_term_string\"}}],\"inLanguage\":\"fr-BE\"}]}<\/script>\n<!-- \/ Yoast SEO plugin. -->","yoast_head_json":{"title":"Contact | No\u00e9 Depuis - Psychologue","description":"Psychologue \u00e0 Li\u00e8ge, je vous accueille pour des consultations dans un espace bienveillant, o\u00f9 nous avancerons \u00e0 votre rythme. | No\u00e9 Depuis","robots":{"index":"index","follow":"follow","max-snippet":"max-snippet:-1","max-image-preview":"max-image-preview:large","max-video-preview":"max-video-preview:-1"},"canonical":"https:\/\/noe-depuis.be\/index.php\/contact\/","og_locale":"fr_FR","og_type":"article","og_title":"Contact | No\u00e9 Depuis - Psychologue","og_description":"Psychologue \u00e0 Li\u00e8ge, je vous accueille pour des consultations dans un espace bienveillant, o\u00f9 nous avancerons \u00e0 votre rythme. | No\u00e9 Depuis","og_url":"https:\/\/noe-depuis.be\/index.php\/contact\/","og_site_name":"No\u00e9 Depuis - Psychologue","article_modified_time":"2025-12-07T21:01:34+00:00","schema":{"@context":"https:\/\/schema.org","@graph":[{"@type":"WebPage","@id":"https:\/\/noe-depuis.be\/index.php\/contact\/","url":"https:\/\/noe-depuis.be\/index.php\/contact\/","name":"Contact | No\u00e9 Depuis - Psychologue","isPartOf":{"@id":"https:\/\/noe-depuis.be\/#website"},"datePublished":"2025-11-20T13:12:15+00:00","dateModified":"2025-12-07T21:01:34+00:00","description":"Psychologue \u00e0 Li\u00e8ge, je vous accueille pour des consultations dans un espace bienveillant, o\u00f9 nous avancerons \u00e0 votre rythme. | No\u00e9 Depuis","breadcrumb":{"@id":"https:\/\/noe-depuis.be\/index.php\/contact\/#breadcrumb"},"inLanguage":"fr-BE","potentialAction":[{"@type":"ReadAction","target":["https:\/\/noe-depuis.be\/index.php\/contact\/"]}]},{"@type":"BreadcrumbList","@id":"https:\/\/noe-depuis.be\/index.php\/contact\/#breadcrumb","itemListElement":[{"@type":"ListItem","position":1,"name":"Accueil","item":"https:\/\/noe-depuis.be\/"},{"@type":"ListItem","position":2,"name":"Contact"}]},{"@type":"WebSite","@id":"https:\/\/noe-depuis.be\/#website","url":"https:\/\/noe-depuis.be\/","name":"No\u00e9 Depuis - Psychologue","description":"Site professionnel de No\u00e9 Depuis, psychologue \u00e0 Li\u00e8ge","potentialAction":[{"@type":"SearchAction","target":{"@type":"EntryPoint","urlTemplate":"https:\/\/noe-depuis.be\/?s={search_term_string}"},"query-input":{"@type":"PropertyValueSpecification","valueRequired":true,"valueName":"search_term_string"}}],"inLanguage":"fr-BE"}]}},"_links":{"self":[{"href":"https:\/\/noe-depuis.be\/index.php\/wp-json\/wp\/v2\/pages\/97","targetHints":{"allow":["GET"]}}],"collection":[{"href":"https:\/\/noe-depuis.be\/index.php\/wp-json\/wp\/v2\/pages"}],"about":[{"href":"https:\/\/noe-depuis.be\/index.php\/wp-json\/wp\/v2\/types\/page"}],"author":[{"embeddable":true,"href":"https:\/\/noe-depuis.be\/index.php\/wp-json\/wp\/v2\/users\/1"}],"replies":[{"embeddable":true,"href":"https:\/\/noe-depuis.be\/index.php\/wp-json\/wp\/v2\/comments?post=97"}],"version-history":[{"count":7,"href":"https:\/\/noe-depuis.be\/index.php\/wp-json\/wp\/v2\/pages\/97\/revisions"}],"predecessor-version":[{"id":545,"href":"https:\/\/noe-depuis.be\/index.php\/wp-json\/wp\/v2\/pages\/97\/revisions\/545"}],"wp:attachment":[{"href":"https:\/\/noe-depuis.be\/index.php\/wp-json\/wp\/v2\/media?parent=97"}],"curies":[{"name":"wp","href":"https:\/\/api.w.org\/{rel}","templated":true}]}}